{"id":1831,"date":"2022-06-20T12:12:04","date_gmt":"2022-06-20T10:12:04","guid":{"rendered":"http:\/\/www.fribourgnetwork.ch\/temoignages\/"},"modified":"2022-08-31T11:26:53","modified_gmt":"2022-08-31T09:26:53","slug":"testimonials","status":"publish","type":"page","link":"https:\/\/www.fribourg.swiss\/de\/testimonials\/","title":{"rendered":"Testimonials"},"content":{"rendered":"<div class=\"wpb-content-wrapper\"><p>[vc_row el_class=&#8220;pt-0&#8243;][vc_column][vc_row_inner][vc_column_inner width=&#8220;2\/12&#8243;][\/vc_column_inner][vc_column_inner width=&#8220;8\/12&#8243;][vc_column_text]<\/p>\n<h2>Testimonials<\/h2>\n<p>[\/vc_column_text]<div class='container testimonials'><div class='row testimonial'><div class='col-lg-6'><a href='https:\/\/www.fribourg.swiss\/de\/testimonial\/suzanne-levesque-generalsekretaerin-von-richemont-international\/'><\/a><div class='image'><img src='https:\/\/www.fribourg.swiss\/wp-content\/uploads\/2023\/10\/levesque-portrait-1.jpg' \/><\/div><\/div><div class='col-lg-6'><div class='prenom'>Suzanne  L\u00e9vesque<\/div><div class='fonction'><p>Generalsekret\u00e4rin von Richemont International<\/p>\n<\/div><div class='citation'>\u00abDer Freiburger Campus ist von strategischer Bedeutung f\u00fcr Richemont. Er ist sowohl Herz als auch Kopf des Konzerns.\n\u00bb<\/div><div class='buttons'><a href='https:\/\/www.fribourg.swiss\/de\/testimonial\/suzanne-levesque-generalsekretaerin-von-richemont-international\/' class='button'>Testimonial lesen<\/a><\/div><\/div><\/div><div class='row testimonial'><div class='col-lg-6'><a href='https:\/\/www.fribourg.swiss\/de\/testimonial\/roger-meier-ceo-von-roomz\/'><\/a><div class='image'><img src='https:\/\/www.fribourg.swiss\/wp-content\/uploads\/2023\/09\/meier-portrait.jpg' \/><\/div><\/div><div class='col-lg-6'><div class='prenom'>Roger Meier<\/div><div class='fonction'><p>CEO von ROOMZ<\/p>\n<\/div><div class='citation'>\u00abNeben der wertvollen Unterst\u00fctzung durch Strukturen wie die Wirtschaftsf\u00f6rderung oder Risikokapital Freiburg ist die Zweisprachigkeit der Region ein Vorteil f\u00fcr uns, ebenso wie unser Standort im Innovationsquartier Bluefactory im Herzen der Stadt.\n\u00bb<\/div><div class='buttons'><a href='https:\/\/www.fribourg.swiss\/de\/testimonial\/roger-meier-ceo-von-roomz\/' class='button'>Testimonial lesen<\/a><\/div><\/div><\/div><div class='row testimonial'><div class='col-lg-6'><a href='https:\/\/www.fribourg.swiss\/de\/testimonial\/fabrice-macherel-co-direktor-von-lutz-architectes\/'><\/a><div class='image'><img src='https:\/\/www.fribourg.swiss\/wp-content\/uploads\/2023\/09\/Macherel-portrait.jpg' \/><\/div><\/div><div class='col-lg-6'><div class='prenom'>Fabrice Macherel<\/div><div class='fonction'><p>Co-Direktor von Lutz Architectes<\/p>\n<\/div><div class='citation'>\u00abDie Klima- und die Energiekrise haben dazu gef\u00fchrt, dass in den Medien viel \u00fcber dieses Thema berichtet wird. Das sollte Ansporn f\u00fcr uns sein, den Weg der Nachhaltigkeit kompromisslos zu gehen, zumal das Bauwesen fast die H\u00e4lfte der in der Schweiz verbrauchten Energie verschlingt.\n\u00bb<\/div><div class='buttons'><a href='https:\/\/www.fribourg.swiss\/de\/testimonial\/fabrice-macherel-co-direktor-von-lutz-architectes\/' class='button'>Testimonial lesen<\/a><\/div><\/div><\/div><div class='row testimonial'><div class='col-lg-6'><a href='https:\/\/www.fribourg.swiss\/de\/testimonial\/nadine-lacroix-oggier-koordinatorin-des-food-research-innovation-center\/'><\/a><div class='image'><img src='https:\/\/www.fribourg.swiss\/wp-content\/uploads\/2022\/08\/Temoignages-Nadine-Lacroix-Oggier.jpg' \/><\/div><\/div><div class='col-lg-6'><div class='prenom'>Nadine Lacroix Oggier<\/div><div class='fonction'><p data-start=\"92\" data-end=\"170\">Koordinatorin des Food Research &amp; Innovation Center<\/p>\n<p data-start=\"172\" data-end=\"375\">\n<\/div><div class='citation'>\u00abDas Freiburger \u00d6kosystem ist ziemlich einzigartig und vereint Landwirtschaft und Industrie. Neben den vielen national und international t\u00e4tigen Verarbeitungsbetrieben, pr\u00e4gt auch die lange kulinarische Tradition den Kanton.\n\u00bb<\/div><div class='buttons'><a href='https:\/\/www.fribourg.swiss\/de\/testimonial\/nadine-lacroix-oggier-koordinatorin-des-food-research-innovation-center\/' class='button'>Testimonial lesen<\/a><\/div><\/div><\/div><div class='row testimonial'><div class='col-lg-6'><a href='https:\/\/www.fribourg.swiss\/de\/testimonial\/remy-buser-ceo-und-mitbegruender-von-bloom-biorenewables-ag\/'><\/a><div class='image'><img src='https:\/\/www.fribourg.swiss\/wp-content\/uploads\/2022\/08\/Temoignages-Remy-Buser.jpg' \/><\/div><\/div><div class='col-lg-6'><div class='prenom'>R\u00e9my Buser<\/div><div class='fonction'><p>CEO und Mitbegr\u00fcnder von Bloom Biorenewables AG<\/p>\n<\/div><div class='citation'>\u00abDas Marly Innovation Center bietet ein Umfeld, in dem wir Infrastrukturen aufbauen und uns rasch weiterentwickeln k\u00f6nnen. Die Strategie des Kantons deckt sich mit unseren Schwerpunkten Kreislaufwirtschaft und Biowirtschaft. Diese Gr\u00fcnde haben uns unter anderen dazu bewogen, uns f\u00fcr den Standort Freiburg zu entscheiden.\n\u00bb<\/div><div class='buttons'><a href='https:\/\/www.fribourg.swiss\/de\/testimonial\/remy-buser-ceo-und-mitbegruender-von-bloom-biorenewables-ag\/' class='button'>Testimonial lesen<\/a><\/div><\/div><\/div><div class='row testimonial'><div class='col-lg-6'><a href='https:\/\/www.fribourg.swiss\/de\/testimonial\/gil-menetrey-geschaeftsfuehrer-von-ascenseurs-menetrey-sa\/'><\/a><div class='image'><img src='https:\/\/www.fribourg.swiss\/wp-content\/uploads\/2022\/08\/Temoignages-Gil-Menetrey.jpg' \/><\/div><\/div><div class='col-lg-6'><div class='prenom'>Gil Men\u00e9trey<\/div><div class='fonction'><p>Gesch\u00e4ftsf\u00fchrer von Ascenseurs Men\u00e9trey SA<\/p>\n<\/div><div class='citation'>\u00abDie Freiburger Hochschulen sind f\u00fcr unser Unternehmen sehr wichtig, sowohl f\u00fcr die Zusammenarbeit als auch f\u00fcr die Berufsausbildung unserer Mitarbeitenden.\n\u00bb<\/div><div class='buttons'><a href='https:\/\/www.fribourg.swiss\/de\/testimonial\/gil-menetrey-geschaeftsfuehrer-von-ascenseurs-menetrey-sa\/' class='button'>Testimonial lesen<\/a><\/div><\/div><\/div><div class='row testimonial'><div class='col-lg-6'><a href='https:\/\/www.fribourg.swiss\/de\/testimonial\/olivier-curty-staatsrat-volkswirtschafts-und-berufsbildungsdirektor-vwbd\/'><\/a><div class='image'><img src='https:\/\/www.fribourg.swiss\/wp-content\/uploads\/2022\/06\/testimonial.png' \/><\/div><\/div><div class='col-lg-6'><div class='prenom'>Olivier Curty<\/div><div class='fonction'><p>Staatsrat, Volkswirtschafts- und Berufsbildungsdirektion<\/p>\n<\/div><div class='citation'>\u00ab\u00abEine strategische Priorit\u00e4t ist die unabl\u00e4ssige F\u00f6rderung des Austausches zwischen Hochschulen und Industrie, um wirkungsvolle und innovative L\u00f6sungen zu entwickeln, die die Wettbewerbsf\u00e4higkeit der Unternehmen st\u00e4rken.\u00bb\n\u00bb<\/div><div class='buttons'><a href='https:\/\/www.fribourg.swiss\/de\/testimonial\/olivier-curty-staatsrat-volkswirtschafts-und-berufsbildungsdirektor-vwbd\/' class='button'>Testimonial lesen<\/a><\/div><\/div><\/div><div class='row testimonial'><div class='col-lg-6'><a href='https:\/\/www.fribourg.swiss\/de\/testimonial\/nicolas-tieche-geschaeftsfuehrer-ucb-farchim\/'><\/a><div class='image'><img src='https:\/\/www.fribourg.swiss\/wp-content\/uploads\/2022\/08\/tieche.jpg' \/><\/div><\/div><div class='col-lg-6'><div class='prenom'>Nicolas Ti\u00e8che<\/div><div class='fonction'><p>Gesch\u00e4ftsf\u00fchrer, UCB Farchim<\/p>\n<\/div><div class='citation'>\u00abWir haben uns aufgrund unterschiedlicher Faktoren f\u00fcr den Standort im Kanton Freiburg entschieden. Insbesondere der gute Dialog mit den kantonalen Fachstellen, die N\u00e4he zu Hochschulen, Universit\u00e4ten und Innovationszentren sowie die allgemeine Lebensqualit\u00e4t und die Infrastruktur haben uns \u00fcberzeugt.\n\u00bb<\/div><div class='buttons'><a href='https:\/\/www.fribourg.swiss\/de\/testimonial\/nicolas-tieche-geschaeftsfuehrer-ucb-farchim\/' class='button'>Testimonial lesen<\/a><\/div><\/div><\/div><div class='row testimonial'><div class='col-lg-6'><a href='https:\/\/www.fribourg.swiss\/de\/testimonial\/sebastien-jaquier-ceo-jnj-automation-sa\/'><\/a><div class='image'><img src='https:\/\/www.fribourg.swiss\/wp-content\/uploads\/2022\/06\/Temoignages-Sebastien-Jaquier.jpg' \/><\/div><\/div><div class='col-lg-6'><div class='prenom'>S\u00e9bastien Jaquier<\/div><div class='fonction'><p>CEO, JNJ automation SA<\/p>\n<\/div><div class='citation'>\u00abMit unserem Standort in Romont FR, befinden wir uns im Herzen der Region des Gruy\u00e8re AOP und somit in der N\u00e4he unserer Kunden. So k\u00f6nnen wir gemeinsam Produkte entwickeln, die anschliessend zu 60 % ins Ausland exportiert werden.\n\u00bb<\/div><div class='buttons'><a href='https:\/\/www.fribourg.swiss\/de\/testimonial\/sebastien-jaquier-ceo-jnj-automation-sa\/' class='button'>Testimonial lesen<\/a><\/div><\/div><\/div><nav class='pagination'><\/nav><\/div>[\/vc_column_inner][vc_column_inner width=&#8220;2\/12&#8243;][\/vc_column_inner][\/vc_row_inner][\/vc_column][\/vc_row]<\/p>\n<\/div>","protected":false},"excerpt":{"rendered":"<p>[vc_row el_class=&#8220;pt-0&#8243;][vc_column][vc_row_inner][vc_column_inner width=&#8220;2\/12&#8243;][\/vc_column_inner][vc_column_inner width=&#8220;8\/12&#8243;][vc_column_text] Testimonials [\/vc_column_text][\/vc_column_inner][vc_column_inner width=&#8220;2\/12&#8243;][\/vc_column_inner][\/vc_row_inner][\/vc_column][\/vc_row]<\/p>\n","protected":false},"author":1,"featured_media":0,"parent":0,"menu_order":0,"comment_status":"closed","ping_status":"closed","template":"","meta":{"_acf_changed":false,"footnotes":""},"class_list":["post-1831","page","type-page","status-publish","hentry"],"acf":[],"yoast_head":"<!-- This site is optimized with the Yoast SEO plugin v26.9 - https:\/\/yoast.com\/product\/yoast-seo-wordpress\/ -->\n<title>Testimonials | fribourg.swiss<\/title>\n<meta name=\"robots\" content=\"index, follow, max-snippet:-1, max-image-preview:large, max-video-preview:-1\" \/>\n<link rel=\"canonical\" href=\"https:\/\/www.fribourg.swiss\/de\/testimonials\/\" \/>\n<meta property=\"og:locale\" content=\"de_DE\" \/>\n<meta property=\"og:type\" content=\"article\" \/>\n<meta property=\"og:title\" content=\"Testimonials | fribourg.swiss\" \/>\n<meta property=\"og:description\" content=\"[vc_row el_class=&#8220;pt-0&#8243;][vc_column][vc_row_inner][vc_column_inner width=&#8220;2\/12&#8243;][\/vc_column_inner][vc_column_inner width=&#8220;8\/12&#8243;][vc_column_text] Testimonials [\/vc_column_text][\/vc_column_inner][vc_column_inner width=&#8220;2\/12&#8243;][\/vc_column_inner][\/vc_row_inner][\/vc_column][\/vc_row]\" \/>\n<meta property=\"og:url\" content=\"https:\/\/www.fribourg.swiss\/de\/testimonials\/\" \/>\n<meta property=\"og:site_name\" content=\"fribourg.swiss\" \/>\n<meta property=\"article:modified_time\" content=\"2022-08-31T09:26:53+00:00\" \/>\n<meta name=\"twitter:card\" content=\"summary_large_image\" \/>\n<script type=\"application\/ld+json\" class=\"yoast-schema-graph\">{\"@context\":\"https:\/\/schema.org\",\"@graph\":[{\"@type\":\"WebPage\",\"@id\":\"https:\/\/www.fribourg.swiss\/de\/testimonials\/\",\"url\":\"https:\/\/www.fribourg.swiss\/de\/testimonials\/\",\"name\":\"Testimonials | fribourg.swiss\",\"isPartOf\":{\"@id\":\"https:\/\/www.fribourg.swiss\/de\/#website\"},\"datePublished\":\"2022-06-20T10:12:04+00:00\",\"dateModified\":\"2022-08-31T09:26:53+00:00\",\"breadcrumb\":{\"@id\":\"https:\/\/www.fribourg.swiss\/de\/testimonials\/#breadcrumb\"},\"inLanguage\":\"de\",\"potentialAction\":[{\"@type\":\"ReadAction\",\"target\":[\"https:\/\/www.fribourg.swiss\/de\/testimonials\/\"]}]},{\"@type\":\"BreadcrumbList\",\"@id\":\"https:\/\/www.fribourg.swiss\/de\/testimonials\/#breadcrumb\",\"itemListElement\":[{\"@type\":\"ListItem\",\"position\":1,\"name\":\"Accueil\",\"item\":\"https:\/\/www.fribourg.swiss\/de\/\"},{\"@type\":\"ListItem\",\"position\":2,\"name\":\"Testimonials\"}]},{\"@type\":\"WebSite\",\"@id\":\"https:\/\/www.fribourg.swiss\/de\/#website\",\"url\":\"https:\/\/www.fribourg.swiss\/de\/\",\"name\":\"fribourg.swiss\",\"description\":\"The place to grow\",\"publisher\":{\"@id\":\"https:\/\/www.fribourg.swiss\/de\/#organization\"},\"potentialAction\":[{\"@type\":\"SearchAction\",\"target\":{\"@type\":\"EntryPoint\",\"urlTemplate\":\"https:\/\/www.fribourg.swiss\/de\/?s={search_term_string}\"},\"query-input\":{\"@type\":\"PropertyValueSpecification\",\"valueRequired\":true,\"valueName\":\"search_term_string\"}}],\"inLanguage\":\"de\"},{\"@type\":\"Organization\",\"@id\":\"https:\/\/www.fribourg.swiss\/de\/#organization\",\"name\":\"Fribourg Network Freiburg\",\"url\":\"https:\/\/www.fribourg.swiss\/de\/\",\"logo\":{\"@type\":\"ImageObject\",\"inLanguage\":\"de\",\"@id\":\"https:\/\/www.fribourg.swiss\/de\/#\/schema\/logo\/image\/\",\"url\":\"https:\/\/www.fribourgnetwork.ch\/wp-content\/uploads\/2022\/08\/logo.png\",\"contentUrl\":\"https:\/\/www.fribourgnetwork.ch\/wp-content\/uploads\/2022\/08\/logo.png\",\"width\":270,\"height\":140,\"caption\":\"Fribourg Network Freiburg\"},\"image\":{\"@id\":\"https:\/\/www.fribourg.swiss\/de\/#\/schema\/logo\/image\/\"}}]}<\/script>\n<!-- \/ Yoast SEO plugin. -->","yoast_head_json":{"title":"Testimonials | fribourg.swiss","robots":{"index":"index","follow":"follow","max-snippet":"max-snippet:-1","max-image-preview":"max-image-preview:large","max-video-preview":"max-video-preview:-1"},"canonical":"https:\/\/www.fribourg.swiss\/de\/testimonials\/","og_locale":"de_DE","og_type":"article","og_title":"Testimonials | fribourg.swiss","og_description":"[vc_row el_class=&#8220;pt-0&#8243;][vc_column][vc_row_inner][vc_column_inner width=&#8220;2\/12&#8243;][\/vc_column_inner][vc_column_inner width=&#8220;8\/12&#8243;][vc_column_text] Testimonials [\/vc_column_text][\/vc_column_inner][vc_column_inner width=&#8220;2\/12&#8243;][\/vc_column_inner][\/vc_row_inner][\/vc_column][\/vc_row]","og_url":"https:\/\/www.fribourg.swiss\/de\/testimonials\/","og_site_name":"fribourg.swiss","article_modified_time":"2022-08-31T09:26:53+00:00","twitter_card":"summary_large_image","schema":{"@context":"https:\/\/schema.org","@graph":[{"@type":"WebPage","@id":"https:\/\/www.fribourg.swiss\/de\/testimonials\/","url":"https:\/\/www.fribourg.swiss\/de\/testimonials\/","name":"Testimonials | fribourg.swiss","isPartOf":{"@id":"https:\/\/www.fribourg.swiss\/de\/#website"},"datePublished":"2022-06-20T10:12:04+00:00","dateModified":"2022-08-31T09:26:53+00:00","breadcrumb":{"@id":"https:\/\/www.fribourg.swiss\/de\/testimonials\/#breadcrumb"},"inLanguage":"de","potentialAction":[{"@type":"ReadAction","target":["https:\/\/www.fribourg.swiss\/de\/testimonials\/"]}]},{"@type":"BreadcrumbList","@id":"https:\/\/www.fribourg.swiss\/de\/testimonials\/#breadcrumb","itemListElement":[{"@type":"ListItem","position":1,"name":"Accueil","item":"https:\/\/www.fribourg.swiss\/de\/"},{"@type":"ListItem","position":2,"name":"Testimonials"}]},{"@type":"WebSite","@id":"https:\/\/www.fribourg.swiss\/de\/#website","url":"https:\/\/www.fribourg.swiss\/de\/","name":"fribourg.swiss","description":"The place to grow","publisher":{"@id":"https:\/\/www.fribourg.swiss\/de\/#organization"},"potentialAction":[{"@type":"SearchAction","target":{"@type":"EntryPoint","urlTemplate":"https:\/\/www.fribourg.swiss\/de\/?s={search_term_string}"},"query-input":{"@type":"PropertyValueSpecification","valueRequired":true,"valueName":"search_term_string"}}],"inLanguage":"de"},{"@type":"Organization","@id":"https:\/\/www.fribourg.swiss\/de\/#organization","name":"Fribourg Network Freiburg","url":"https:\/\/www.fribourg.swiss\/de\/","logo":{"@type":"ImageObject","inLanguage":"de","@id":"https:\/\/www.fribourg.swiss\/de\/#\/schema\/logo\/image\/","url":"https:\/\/www.fribourgnetwork.ch\/wp-content\/uploads\/2022\/08\/logo.png","contentUrl":"https:\/\/www.fribourgnetwork.ch\/wp-content\/uploads\/2022\/08\/logo.png","width":270,"height":140,"caption":"Fribourg Network Freiburg"},"image":{"@id":"https:\/\/www.fribourg.swiss\/de\/#\/schema\/logo\/image\/"}}]}},"_links":{"self":[{"href":"https:\/\/www.fribourg.swiss\/de\/wp-json\/wp\/v2\/pages\/1831","targetHints":{"allow":["GET"]}}],"collection":[{"href":"https:\/\/www.fribourg.swiss\/de\/wp-json\/wp\/v2\/pages"}],"about":[{"href":"https:\/\/www.fribourg.swiss\/de\/wp-json\/wp\/v2\/types\/page"}],"author":[{"embeddable":true,"href":"https:\/\/www.fribourg.swiss\/de\/wp-json\/wp\/v2\/users\/1"}],"replies":[{"embeddable":true,"href":"https:\/\/www.fribourg.swiss\/de\/wp-json\/wp\/v2\/comments?post=1831"}],"version-history":[{"count":1,"href":"https:\/\/www.fribourg.swiss\/de\/wp-json\/wp\/v2\/pages\/1831\/revisions"}],"predecessor-version":[{"id":1856,"href":"https:\/\/www.fribourg.swiss\/de\/wp-json\/wp\/v2\/pages\/1831\/revisions\/1856"}],"wp:attachment":[{"href":"https:\/\/www.fribourg.swiss\/de\/wp-json\/wp\/v2\/media?parent=1831"}],"curies":[{"name":"wp","href":"https:\/\/api.w.org\/{rel}","templated":true}]}}