{"id":1829,"date":"2022-06-20T12:11:50","date_gmt":"2022-06-20T10:11:50","guid":{"rendered":"http:\/\/www.fribourgnetwork.ch\/editions-en-ligne\/"},"modified":"2023-03-27T13:33:25","modified_gmt":"2023-03-27T11:33:25","slug":"online-ausgaben","status":"publish","type":"page","link":"https:\/\/www.fribourg.swiss\/de\/online-ausgaben\/","title":{"rendered":"ONLINE-AUSGABEN"},"content":{"rendered":"<div class=\"wpb-content-wrapper\"><p>[vc_row el_class=&#8220;pt-0&#8243;][vc_column][vc_row_inner][vc_column_inner width=&#8220;2\/12&#8243;][\/vc_column_inner][vc_column_inner width=&#8220;8\/12&#8243;][vc_column_text]<\/p>\n<h2>ONLINE-AUSGABEN<\/h2>\n<p>[\/vc_column_text][vc_column_text]<em>Die PDFs sind nur in Englisch verf\u00fcgbar. Sie finden die deutschen Text-Versionen unter &#8222;Artikel&#8220;.<\/em>[\/vc_column_text]<div class='editions'><div class='row edition'><div class='col-lg-6'><a href='https:\/\/www.fribourg.swiss\/wp-content\/uploads\/2025\/09\/FS_2025-WEB.pdf' target='_blank'><\/a><img src='https:\/\/www.fribourg.swiss\/wp-content\/uploads\/2025\/09\/fs25-cover-1.jpg' \/><\/div><div class='col-lg-6'><div class='annee'><h3>2025<br \/>Fribourg WOW! Luxury, Excellence & Prestige<\/h3><\/div><div class='description'>Luxus, Exzellenz und Prestige stehen im Mittelpunkt der Ausgabe 2025 von <em>fribourg.swiss<\/em>. Zwischen Haute Horlogerie, Zellkosmetik, Design und Gastronomie sowie weiteren Schl\u00fcsselsektoren zeigt das Magazin die Vielfalt an aussergew\u00f6hnlichem Know-how, das die Identit\u00e4t pr\u00e4gt, die internationale Attraktivit\u00e4t st\u00e4rkt und zum Ansehen des Kantons Freiburg beitr\u00e4gt.<\/div><div class='buttons'><a href='https:\/\/www.fribourg.swiss\/wp-content\/uploads\/2025\/09\/FS_2025-WEB.pdf' target='_blank' class='button'>PDF<\/a><\/div><\/div><\/div><div class='row edition'><div class='col-lg-6'><a href='https:\/\/www.fribourg.swiss\/wp-content\/uploads\/2024\/09\/FNF_2024-WEB.pdf' target='_blank'><\/a><img src='https:\/\/www.fribourg.swiss\/wp-content\/uploads\/2024\/09\/fnf24-cover.jpg' \/><\/div><div class='col-lg-6'><div class='annee'><h3>2024<br \/>Life sciences: Champions of added value<\/h3><\/div><div class='description'>Die Ausgabe 2024 von <em>Fribourg Network Freiburg<\/em> beleuchtet den Aufschwung der Life Sciences im Kanton und veranschaulicht die fruchtbare Zusammenarbeit zwischen Start-ups, etablierten Unternehmen, Kompetenzzentren und akademischen Instituten. Innovationen in den Bereichen Pharma, Biotechnologie und Medizinprodukte spiegeln die Dynamik dieses regionalen \u00d6kosystems wider. Das Magazin untersucht aktuelle Trends und hebt gleichzeitig die Rolle Freiburgs im Schweizer Health Valley und seine F\u00e4higkeit, Talente und Investitionen anzuziehen, hervor.<\/div><div class='buttons'><a href='https:\/\/www.fribourg.swiss\/wp-content\/uploads\/2024\/09\/FNF_2024-WEB.pdf' target='_blank' class='button'>PDF<\/a><\/div><\/div><\/div><div class='row edition'><div class='col-lg-6'><a href='https:\/\/www.fribourg.swiss\/wp-content\/uploads\/2023\/09\/FNF-2023-en.pdf' target='_blank'><\/a><img src='https:\/\/www.fribourg.swiss\/wp-content\/uploads\/2023\/09\/fnf23-cover.jpg' \/><\/div><div class='col-lg-6'><div class='annee'><h3>2023<br \/>Building the future<\/h3><\/div><div class='description'>Die Baubranche im Kanton Freiburg ist ein wichtiger Arbeitgeber und leistet einen bedeutenden Beitrag zum BIP und zur Besch\u00e4ftigung des Kantons. Sie verf\u00fcgt \u00fcber ein starkes Netzwerk aus nationalen und internationalen Unternehmen, hochkar\u00e4tigen KMU, Clustern, Kompetenz- und Forschungszentren, was ihr in der Schweiz und im Ausland einen ausgezeichneten Ruf verschafft.<\/div><div class='buttons'><a href='https:\/\/www.fribourg.swiss\/wp-content\/uploads\/2023\/09\/FNF-2023-en.pdf' target='_blank' class='button'>PDF<\/a><\/div><\/div><\/div><div class='row edition'><div class='col-lg-6'><a href='https:\/\/www.fribourg.swiss\/wp-content\/uploads\/2022\/08\/fnf-2022-en.pdf' target='_blank'><\/a><img src='https:\/\/www.fribourg.swiss\/wp-content\/uploads\/2022\/08\/fnf-2022-cover.jpg' \/><\/div><div class='col-lg-6'><div class='annee'><h3>2022<br \/>Industry 4.0: Opportunities Of Value Creation<\/h3><\/div><div class='description'>Kurs auf die digitale Transformation der Freiburger Wirtschaft! Der neue Schwerpunkt der Wirtschaftsf\u00f6rderungsstrategie, Industrie 4.0, ist f\u00fcr viele Unternehmen im Kanton Freiburg l\u00e4ngst kein blosses Konzept mehr, sondern konkrete Realit\u00e4t. Die Ausgabe 2022 von Fribourg Network Freiburg zeigt anhand von praktischen und innovativen Beispielen die bereits sp\u00fcrbaren Auswirkungen und das enorme Potenzial dieser vierten industriellen Revolution auf.<\/div><div class='buttons'><a href='https:\/\/www.fribourg.swiss\/wp-content\/uploads\/2022\/08\/fnf-2022-en.pdf' target='_blank' class='button'>PDF<\/a><\/div><\/div><\/div><div class='row edition'><div class='col-lg-6'><a href='https:\/\/www.fribourg.swiss\/wp-content\/uploads\/2022\/06\/FNF-2021-en.pdf' target='_blank'><\/a><img src='https:\/\/www.fribourg.swiss\/wp-content\/uploads\/2022\/06\/fnf-2021-all.jpg' \/><\/div><div class='col-lg-6'><div class='annee'><h3>2021<br \/>Bioeconomy: A world of opportunities !<\/h3><\/div><div class='description'>\u00abNichts geht verloren, alles verwandelt sich!\u00bb\u00a0In der Biowirtschaft wird dieses Prinzip w\u00f6rtlich genommen: Verbundwerkstoffe auf Flachsbasis in Formel-1-Rennsitzen, H\u00fchnerfedern, die zu nachhaltigen Verpackungen verarbeitet werden, oder Vanillearoma aus Haselnussschalen, um nur einige konkrete und innovative Beispiele f\u00fcr M\u00f6glichkeiten der Biowirtschaft im Kanton Freiburg zu nennen, die in der Ausgabe 2021 von Fribourg Network Freiburg beleuchtet werden.<\/div><div class='buttons'><a href='https:\/\/www.fribourg.swiss\/wp-content\/uploads\/2022\/06\/FNF-2021-en.pdf' target='_blank' class='button'>PDF<\/a><\/div><\/div><\/div><div class='row edition'><div class='col-lg-6'><a href='https:\/\/www.fribourg.swiss\/wp-content\/uploads\/2022\/06\/FNF-2020-en.pdf' target='_blank'><\/a><img src='https:\/\/www.fribourg.swiss\/wp-content\/uploads\/2022\/06\/fnf2020.jpg' \/><\/div><div class='col-lg-6'><div class='annee'><h3>2020<br \/>Technology transfer: let's do it!<\/h3><\/div><div class='description'>Dank seiner Universit\u00e4t und seinen zahlreichen Hochschulen und Fachinstituten mangelt es in Freiburg nicht an Know-how, um den Bedarf der Unternehmen an innovativen L\u00f6sungen zu decken. Die Ausgabe 2020 von Fribourg Network Freiburg geht den Vorz\u00fcgen dieser Win-Win-Partnerschaft zwischen akademischer Forschung und Industrie nach.<\/div><div class='buttons'><a href='https:\/\/www.fribourg.swiss\/wp-content\/uploads\/2022\/06\/FNF-2020-en.pdf' target='_blank' class='button'>PDF<\/a><\/div><\/div><\/div><div class='row edition'><div class='col-lg-6'><a href='https:\/\/www.fribourg.swiss\/wp-content\/uploads\/2022\/06\/FNF-2019-de.pdf' target='_blank'><\/a><img src='https:\/\/www.fribourg.swiss\/wp-content\/uploads\/2022\/06\/fnf2019.jpg' \/><\/div><div class='col-lg-6'><div class='annee'><h3>2019<br \/>From Farm to Fork<\/h3><\/div><div class='description'>Was, wenn wirtschaftlicher Erfolg durch den Magen geht? In der Ausgabe 2019 sch\u00e4rft Fribourg Network Freiburg die Geschmacksknospen und zeigt seiner nationalen und internationalen Leserschaft die verschiedenen Facetten des Freiburger Lebensmittelsektors, in dem der Kanton als nationaler Marktf\u00fchrer gilt.<\/div><div class='buttons'><a href='https:\/\/www.fribourg.swiss\/wp-content\/uploads\/2022\/06\/FNF-2019-de.pdf' target='_blank' class='button'>PDF<\/a><\/div><\/div><\/div><div class='row edition'><div class='col-lg-6'><a href='https:\/\/www.fribourg.swiss\/wp-content\/uploads\/2022\/06\/FNF-2018-de.pdf' target='_blank'><\/a><img src='https:\/\/www.fribourg.swiss\/wp-content\/uploads\/2022\/06\/fnf2018-1.jpg' \/><\/div><div class='col-lg-6'><div class='annee'><h3>2018<br \/>L!ve, Le@rn, L\u2764ve<\/h3><\/div><div class='description'>Die Ausgabe 2018 von Fribourg Network Freiburg legt den Fokus auf die Lebensqualit\u00e4t. Abseits der traditionellen Werbeklischees schildern zahlreiche geb\u00fcrtige oder Wahl-Freiburger Unternehmer und Pers\u00f6nlichkeiten, warum sie in Freiburg studieren, arbeiten oder leben.<\/div><div class='buttons'><a href='https:\/\/www.fribourg.swiss\/wp-content\/uploads\/2022\/06\/FNF-2018-de.pdf' target='_blank' class='button'>PDF<\/a><\/div><\/div><\/div><div class='row edition'><div class='col-lg-6'><a href='https:\/\/www.fribourg.swiss\/wp-content\/uploads\/2022\/06\/FNF-2017-de.pdf' target='_blank'><\/a><img src='https:\/\/www.fribourg.swiss\/wp-content\/uploads\/2022\/06\/fnf-2017-de.jpg' \/><\/div><div class='col-lg-6'><div class='annee'><h3>2017<br \/>Digital\u2009! \u6570\u5b57\u2009! Num\u00e9rique!<\/h3><\/div><div class='description'>\u00abDigital\u00bb ist 2017 das Schl\u00fcsselwort von Fribourg Network Freiburg. In dieser Ausgabe berichtet das Magazin \u00fcber die Kompetenzen, die Freiburger Unternehmen und Hochschulen in den Bereichen Industrie 4.0, Big Data oder Cloud Computing erworben haben.<\/div><div class='buttons'><a href='https:\/\/www.fribourg.swiss\/wp-content\/uploads\/2022\/06\/FNF-2017-de.pdf' target='_blank' class='button'>PDF<\/a><\/div><\/div><\/div><div class='row edition'><div class='col-lg-6'><a href='https:\/\/www.fribourg.swiss\/wp-content\/uploads\/2022\/06\/FNF-2016-de.pdf' target='_blank'><\/a><img src='https:\/\/www.fribourg.swiss\/wp-content\/uploads\/2022\/06\/fnf-2016-de.jpg' \/><\/div><div class='col-lg-6'><div class='annee'><h3>2016<br \/>Wie wird der kreative Funken entfacht?  <\/h3><\/div><div class='description'>Innovation bildet das Herzst\u00fcck der Entwicklungsstrategie des Kantons Freiburg und somit auch das Hauptthema der Ausgabe 2016 von Fribourg Network Freiburg, das im Magazin aus drei verschiedenen Blickwinkeln betrachtet wird: neue Produkte, neue Verfahren und neue M\u00e4rkte.<\/div><div class='buttons'><a href='https:\/\/www.fribourg.swiss\/wp-content\/uploads\/2022\/06\/FNF-2016-de.pdf' target='_blank' class='button'>PDF<\/a><\/div><\/div><\/div><div class='row edition'><div class='col-lg-6'><a href='https:\/\/www.fribourg.swiss\/wp-content\/uploads\/2022\/06\/FNF-2015-de.pdf' target='_blank'><\/a><img src='https:\/\/www.fribourg.swiss\/wp-content\/uploads\/2022\/06\/fnf-2015-de.jpg' \/><\/div><div class='col-lg-6'><div class='annee'><h3>2015<br \/>Wirtschaft & Bildung<\/h3><\/div><div class='description'>Die Freiburger Bildungsinstitute sind eng mit der Realwirtschaft verbunden und gestalten dabei mit innovativen Ideen die Zukunft mit. Mit der Ausgabe 2015 hebt Fribourg Network Freiburg neue Verbindungen zwischen Wirtschaft und Bildung hervor und zeigt verschiedene Facetten dieser gewinnbringenden Beziehung auf.<\/div><div class='buttons'><a href='https:\/\/www.fribourg.swiss\/wp-content\/uploads\/2022\/06\/FNF-2015-de.pdf' target='_blank' class='button'>PDF<\/a><\/div><\/div><\/div><div class='row edition'><div class='col-lg-6'><a href='https:\/\/www.fribourg.swiss\/wp-content\/uploads\/2022\/06\/FNF-2014-de.pdf' target='_blank'><\/a><img src='https:\/\/www.fribourg.swiss\/wp-content\/uploads\/2022\/06\/fnf2014.jpg' \/><\/div><div class='col-lg-6'><div class='annee'><h3>2014<br \/>Blue Economy<\/h3><\/div><div class='description'>Die Ausgabe 2014 von Fribourg Network Freiburg pr\u00e4sentiert das Engagement der Freiburger Wirtschaft in der <em>Blue Economy<\/em>, die auf den Prinzipien der Kreislaufwirtschaft beruht, am Beispiel der drei T\u00e4tigkeitsbereiche Energie und Bauwesen, Mobilit\u00e4t und Transport sowie Industrie und Dienstleistungen.<\/div><div class='buttons'><a href='https:\/\/www.fribourg.swiss\/wp-content\/uploads\/2022\/06\/FNF-2014-de.pdf' target='_blank' class='button'>PDF<\/a><\/div><\/div><\/div><\/div>[\/vc_column_inner][vc_column_inner width=&#8220;2\/12&#8243;][\/vc_column_inner][\/vc_row_inner][\/vc_column][\/vc_row]<\/p>\n<\/div>","protected":false},"excerpt":{"rendered":"<p>[vc_row el_class=&#8220;pt-0&#8243;][vc_column][vc_row_inner][vc_column_inner width=&#8220;2\/12&#8243;][\/vc_column_inner][vc_column_inner width=&#8220;8\/12&#8243;][vc_column_text] ONLINE-AUSGABEN [\/vc_column_text][vc_column_text]Die PDFs sind nur in Englisch verf\u00fcgbar. Sie finden die deutschen Text-Versionen unter &#8222;Artikel&#8220;.[\/vc_column_text][\/vc_column_inner][vc_column_inner width=&#8220;2\/12&#8243;][\/vc_column_inner][\/vc_row_inner][\/vc_column][\/vc_row]<\/p>\n","protected":false},"author":1,"featured_media":0,"parent":0,"menu_order":0,"comment_status":"closed","ping_status":"closed","template":"","meta":{"_acf_changed":false,"footnotes":""},"class_list":["post-1829","page","type-page","status-publish","hentry"],"acf":[],"yoast_head":"<!-- This site is optimized with the Yoast SEO plugin v26.9 - https:\/\/yoast.com\/product\/yoast-seo-wordpress\/ -->\n<title>ONLINE-AUSGABEN | fribourg.swiss<\/title>\n<meta name=\"robots\" content=\"index, follow, max-snippet:-1, max-image-preview:large, max-video-preview:-1\" \/>\n<link rel=\"canonical\" href=\"https:\/\/www.fribourg.swiss\/de\/online-ausgaben\/\" \/>\n<meta property=\"og:locale\" content=\"de_DE\" \/>\n<meta property=\"og:type\" content=\"article\" \/>\n<meta property=\"og:title\" content=\"ONLINE-AUSGABEN | fribourg.swiss\" \/>\n<meta property=\"og:description\" content=\"[vc_row el_class=&#8220;pt-0&#8243;][vc_column][vc_row_inner][vc_column_inner width=&#8220;2\/12&#8243;][\/vc_column_inner][vc_column_inner width=&#8220;8\/12&#8243;][vc_column_text] ONLINE-AUSGABEN [\/vc_column_text][vc_column_text]Die PDFs sind nur in Englisch verf\u00fcgbar. Sie finden die deutschen Text-Versionen unter &#8222;Artikel&#8220;.[\/vc_column_text][\/vc_column_inner][vc_column_inner width=&#8220;2\/12&#8243;][\/vc_column_inner][\/vc_row_inner][\/vc_column][\/vc_row]\" \/>\n<meta property=\"og:url\" content=\"https:\/\/www.fribourg.swiss\/de\/online-ausgaben\/\" \/>\n<meta property=\"og:site_name\" content=\"fribourg.swiss\" \/>\n<meta property=\"article:modified_time\" content=\"2023-03-27T11:33:25+00:00\" \/>\n<meta name=\"twitter:card\" content=\"summary_large_image\" \/>\n<meta name=\"twitter:label1\" content=\"Gesch\u00e4tzte Lesezeit\" \/>\n\t<meta name=\"twitter:data1\" content=\"1\u00a0Minute\" \/>\n<script type=\"application\/ld+json\" class=\"yoast-schema-graph\">{\"@context\":\"https:\/\/schema.org\",\"@graph\":[{\"@type\":\"WebPage\",\"@id\":\"https:\/\/www.fribourg.swiss\/de\/online-ausgaben\/\",\"url\":\"https:\/\/www.fribourg.swiss\/de\/online-ausgaben\/\",\"name\":\"ONLINE-AUSGABEN | fribourg.swiss\",\"isPartOf\":{\"@id\":\"https:\/\/www.fribourg.swiss\/de\/#website\"},\"datePublished\":\"2022-06-20T10:11:50+00:00\",\"dateModified\":\"2023-03-27T11:33:25+00:00\",\"breadcrumb\":{\"@id\":\"https:\/\/www.fribourg.swiss\/de\/online-ausgaben\/#breadcrumb\"},\"inLanguage\":\"de\",\"potentialAction\":[{\"@type\":\"ReadAction\",\"target\":[\"https:\/\/www.fribourg.swiss\/de\/online-ausgaben\/\"]}]},{\"@type\":\"BreadcrumbList\",\"@id\":\"https:\/\/www.fribourg.swiss\/de\/online-ausgaben\/#breadcrumb\",\"itemListElement\":[{\"@type\":\"ListItem\",\"position\":1,\"name\":\"Accueil\",\"item\":\"https:\/\/www.fribourg.swiss\/de\/\"},{\"@type\":\"ListItem\",\"position\":2,\"name\":\"ONLINE-AUSGABEN\"}]},{\"@type\":\"WebSite\",\"@id\":\"https:\/\/www.fribourg.swiss\/de\/#website\",\"url\":\"https:\/\/www.fribourg.swiss\/de\/\",\"name\":\"fribourg.swiss\",\"description\":\"The place to grow\",\"publisher\":{\"@id\":\"https:\/\/www.fribourg.swiss\/de\/#organization\"},\"potentialAction\":[{\"@type\":\"SearchAction\",\"target\":{\"@type\":\"EntryPoint\",\"urlTemplate\":\"https:\/\/www.fribourg.swiss\/de\/?s={search_term_string}\"},\"query-input\":{\"@type\":\"PropertyValueSpecification\",\"valueRequired\":true,\"valueName\":\"search_term_string\"}}],\"inLanguage\":\"de\"},{\"@type\":\"Organization\",\"@id\":\"https:\/\/www.fribourg.swiss\/de\/#organization\",\"name\":\"Fribourg Network Freiburg\",\"url\":\"https:\/\/www.fribourg.swiss\/de\/\",\"logo\":{\"@type\":\"ImageObject\",\"inLanguage\":\"de\",\"@id\":\"https:\/\/www.fribourg.swiss\/de\/#\/schema\/logo\/image\/\",\"url\":\"https:\/\/www.fribourgnetwork.ch\/wp-content\/uploads\/2022\/08\/logo.png\",\"contentUrl\":\"https:\/\/www.fribourgnetwork.ch\/wp-content\/uploads\/2022\/08\/logo.png\",\"width\":270,\"height\":140,\"caption\":\"Fribourg Network Freiburg\"},\"image\":{\"@id\":\"https:\/\/www.fribourg.swiss\/de\/#\/schema\/logo\/image\/\"}}]}<\/script>\n<!-- \/ Yoast SEO plugin. -->","yoast_head_json":{"title":"ONLINE-AUSGABEN | fribourg.swiss","robots":{"index":"index","follow":"follow","max-snippet":"max-snippet:-1","max-image-preview":"max-image-preview:large","max-video-preview":"max-video-preview:-1"},"canonical":"https:\/\/www.fribourg.swiss\/de\/online-ausgaben\/","og_locale":"de_DE","og_type":"article","og_title":"ONLINE-AUSGABEN | fribourg.swiss","og_description":"[vc_row el_class=&#8220;pt-0&#8243;][vc_column][vc_row_inner][vc_column_inner width=&#8220;2\/12&#8243;][\/vc_column_inner][vc_column_inner width=&#8220;8\/12&#8243;][vc_column_text] ONLINE-AUSGABEN [\/vc_column_text][vc_column_text]Die PDFs sind nur in Englisch verf\u00fcgbar. Sie finden die deutschen Text-Versionen unter &#8222;Artikel&#8220;.[\/vc_column_text][\/vc_column_inner][vc_column_inner width=&#8220;2\/12&#8243;][\/vc_column_inner][\/vc_row_inner][\/vc_column][\/vc_row]","og_url":"https:\/\/www.fribourg.swiss\/de\/online-ausgaben\/","og_site_name":"fribourg.swiss","article_modified_time":"2023-03-27T11:33:25+00:00","twitter_card":"summary_large_image","twitter_misc":{"Gesch\u00e4tzte Lesezeit":"1\u00a0Minute"},"schema":{"@context":"https:\/\/schema.org","@graph":[{"@type":"WebPage","@id":"https:\/\/www.fribourg.swiss\/de\/online-ausgaben\/","url":"https:\/\/www.fribourg.swiss\/de\/online-ausgaben\/","name":"ONLINE-AUSGABEN | fribourg.swiss","isPartOf":{"@id":"https:\/\/www.fribourg.swiss\/de\/#website"},"datePublished":"2022-06-20T10:11:50+00:00","dateModified":"2023-03-27T11:33:25+00:00","breadcrumb":{"@id":"https:\/\/www.fribourg.swiss\/de\/online-ausgaben\/#breadcrumb"},"inLanguage":"de","potentialAction":[{"@type":"ReadAction","target":["https:\/\/www.fribourg.swiss\/de\/online-ausgaben\/"]}]},{"@type":"BreadcrumbList","@id":"https:\/\/www.fribourg.swiss\/de\/online-ausgaben\/#breadcrumb","itemListElement":[{"@type":"ListItem","position":1,"name":"Accueil","item":"https:\/\/www.fribourg.swiss\/de\/"},{"@type":"ListItem","position":2,"name":"ONLINE-AUSGABEN"}]},{"@type":"WebSite","@id":"https:\/\/www.fribourg.swiss\/de\/#website","url":"https:\/\/www.fribourg.swiss\/de\/","name":"fribourg.swiss","description":"The place to grow","publisher":{"@id":"https:\/\/www.fribourg.swiss\/de\/#organization"},"potentialAction":[{"@type":"SearchAction","target":{"@type":"EntryPoint","urlTemplate":"https:\/\/www.fribourg.swiss\/de\/?s={search_term_string}"},"query-input":{"@type":"PropertyValueSpecification","valueRequired":true,"valueName":"search_term_string"}}],"inLanguage":"de"},{"@type":"Organization","@id":"https:\/\/www.fribourg.swiss\/de\/#organization","name":"Fribourg Network Freiburg","url":"https:\/\/www.fribourg.swiss\/de\/","logo":{"@type":"ImageObject","inLanguage":"de","@id":"https:\/\/www.fribourg.swiss\/de\/#\/schema\/logo\/image\/","url":"https:\/\/www.fribourgnetwork.ch\/wp-content\/uploads\/2022\/08\/logo.png","contentUrl":"https:\/\/www.fribourgnetwork.ch\/wp-content\/uploads\/2022\/08\/logo.png","width":270,"height":140,"caption":"Fribourg Network Freiburg"},"image":{"@id":"https:\/\/www.fribourg.swiss\/de\/#\/schema\/logo\/image\/"}}]}},"_links":{"self":[{"href":"https:\/\/www.fribourg.swiss\/de\/wp-json\/wp\/v2\/pages\/1829","targetHints":{"allow":["GET"]}}],"collection":[{"href":"https:\/\/www.fribourg.swiss\/de\/wp-json\/wp\/v2\/pages"}],"about":[{"href":"https:\/\/www.fribourg.swiss\/de\/wp-json\/wp\/v2\/types\/page"}],"author":[{"embeddable":true,"href":"https:\/\/www.fribourg.swiss\/de\/wp-json\/wp\/v2\/users\/1"}],"replies":[{"embeddable":true,"href":"https:\/\/www.fribourg.swiss\/de\/wp-json\/wp\/v2\/comments?post=1829"}],"version-history":[{"count":4,"href":"https:\/\/www.fribourg.swiss\/de\/wp-json\/wp\/v2\/pages\/1829\/revisions"}],"predecessor-version":[{"id":2310,"href":"https:\/\/www.fribourg.swiss\/de\/wp-json\/wp\/v2\/pages\/1829\/revisions\/2310"}],"wp:attachment":[{"href":"https:\/\/www.fribourg.swiss\/de\/wp-json\/wp\/v2\/media?parent=1829"}],"curies":[{"name":"wp","href":"https:\/\/api.w.org\/{rel}","templated":true}]}}